{"id":167,"date":"2020-11-06T05:40:45","date_gmt":"2020-11-06T05:40:45","guid":{"rendered":"https:\/\/yjc.cuf.temporary.site\/website_b58d358c\/?page_id=167"},"modified":"2021-01-21T20:00:43","modified_gmt":"2021-01-21T23:00:43","slug":"servicios","status":"publish","type":"page","link":"https:\/\/yjc.cuf.temporary.site\/website_b58d358c\/servicios\/","title":{"rendered":"Servicios"},"content":{"rendered":"<body><p><\/p>[et_pb_section fb_built=\u201d1\u2033 _builder_version=\u201d4.6.6\u2033 _module_preset=\u201ddefault\u201d background_color=\u201d#0c71c3\u2033 custom_margin=\u201d||-138px||false|false\u201d custom_padding=\u201d0px||0px||true|false\u201d][et_pb_row _builder_version=\u201d4.6.6\u2033 _module_preset=\u201ddefault\u201d custom_margin=\u201d0px|auto|0px|auto|true|false\u201d custom_padding=\u201d||27px|||\u201d][et_pb_column type=\u201d4_4\u2033 _builder_version=\u201d4.6.6\u2033 _module_preset=\u201ddefault\u201d][et_pb_text _builder_version=\u201d4.6.6\u2033 _module_preset=\u201ddefault\u201d text_font=\u201dRoboto|700|||||||\u201d header_font=\u201dRoboto|700|||||||\u201d header_font_size=\u201d43px\u201d min_height=\u201d116.6px\u201d]\n<div class=\"page-subtitle\" style=\"text-align: center;\">QU\u00c9 SERVICIOS BRINDAMOS<\/div>\n<h1 class=\"page-title\" style=\"text-align: center;\"><\/h1>\n<h1 class=\"page-title\" style=\"text-align: center;\">Servicios<\/h1>\n<p>[\/et_pb_text][\/et_pb_column][\/et_pb_row][\/et_pb_section][et_pb_section fb_built=\u201d1\u2033 prev_background_color=\u201d#0c71c3\u2033 next_background_color=\u201d#ffffff\u201d _builder_version=\u201d4.6.6\u2033 _module_preset=\u201ddefault\u201d background_color=\u201d#EFF2F7\u2033 custom_margin=\u201d138px|||||\u201d custom_padding=\u201d85px||177px|||\u201d top_divider_style=\u201dmountains\u201d bottom_divider_style=\u201dmountains\u201d hover_enabled=\u201d0\u2033 sticky_enabled=\u201d0\u2033][et_pb_row column_structure=\u201d1_2,1_2\u2033 _builder_version=\u201d4.6.6\u2033 _module_preset=\u201ddefault\u201d width=\u201d82%\u201d min_height=\u201d410.9px\u201d custom_margin=\u201d-3px|auto||auto||\u201d custom_padding=\u201d|1px||||\u201d][et_pb_column type=\u201d1_2\u2033 _builder_version=\u201d4.6.6\u2033 _module_preset=\u201ddefault\u201d][et_pb_cta title=\u201dCapacitaciones\u201d button_url=\u201d\/servicios\/capacitaciones\u201d button_text=\u201dAmpliar Info.\u201d _builder_version=\u201d4.6.6\u2033 _module_preset=\u201ddefault\u201d header_font=\u201dRoboto|900|||||||\u201d header_text_color=\u201d#0c71c3\u2033 body_font=\u201dRoboto||||||||\u201d body_text_color=\u201d#6b6b6b\u201d background_color=\u201d#ffffff\u201d background_image=\u201dhttps:\/\/yjc.cuf.temporary.site\/website_b58d358c\/wp-content\/uploads\/2021\/01\/Training.png\u201d background_size=\u201dcontain\u201d background_blend=\u201doverlay\u201d custom_button=\u201don\u201d button_text_size=\u201d14px\u201d button_text_color=\u201d#6b6b6b\u201d button_border_width=\u201d2px\u201d button_border_color=\u201d#6b6b6b\u201d button_border_radius=\u201d18px\u201d button_icon=\u201d%%36%%\u201d button_icon_color=\u201d#0c71c3\u2033 border_radii=\u201don|8px|8px|8px|8px\u201d border_width_all=\u201d3px\u201d border_color_all=\u201drgba(0,0,0,0)\u201d button_text__hover_enabled=\u201don|desktop\u201d]<\/p>\n<p><a href=\"\/servicios\/capacitaciones\" title=\"capacitaciones\"><img data-recalc-dims=\"1\" decoding=\"async\" src=\"https:\/\/i0.wp.com\/yjc.cuf.temporary.site\/website_b58d358c\/wp-content\/uploads\/2021\/01\/Training.png?resize=83%2C83&#038;ssl=1\" width=\"83\" height=\"83\" alt=\"\" class=\"wp-image-1179 alignnone size-full\" loading=\"lazy\" srcset=\"https:\/\/i0.wp.com\/yjc.cuf.temporary.site\/website_b58d358c\/wp-content\/uploads\/2021\/01\/Training.png?w=160&amp;ssl=1 160w, https:\/\/i0.wp.com\/yjc.cuf.temporary.site\/website_b58d358c\/wp-content\/uploads\/2021\/01\/Training.png?resize=150%2C150&amp;ssl=1 150w\" sizes=\"auto, (max-width: 83px) 100vw, 83px\" \/><\/a><\/p>\n<p style=\"text-align: center;\">Curso oficial de manipuladores de alimentos. El CAA en su art. 21 declara la obligatoriedad a toda persona que realice actividades por la cual est\u00e9 o pudiera estar en contacto con alimentos, de estar provista\u2026<\/p>\n<p>[\/et_pb_cta][\/et_pb_column][et_pb_column type=\u201d1_2\u2033 _builder_version=\u201d4.6.6\u2033 _module_preset=\u201ddefault\u201d][et_pb_cta title=\u201dDirecci\u00f3n T\u00e9cnica\u201d button_url=\u201d\/servicios\/direccion-tecnica\/\u201d button_text=\u201dAmpliar Info.\u201d _builder_version=\u201d4.6.6\u2033 _module_preset=\u201ddefault\u201d header_font=\u201dRoboto|900|||||||\u201d header_text_color=\u201d#0c71c3\u2033 body_font=\u201dRoboto||||||||\u201d body_text_color=\u201d#6b6b6b\u201d background_color=\u201d#ffffff\u201d custom_button=\u201don\u201d button_text_size=\u201d14px\u201d button_text_color=\u201d#6b6b6b\u201d button_border_width=\u201d2px\u201d button_border_color=\u201d#6b6b6b\u201d button_border_radius=\u201d18px\u201d button_icon=\u201d%%36%%\u201d button_icon_color=\u201d#0c71c3\u2033 border_radii=\u201don|8px|8px|8px|8px\u201d border_width_all=\u201d3px\u201d border_color_all=\u201drgba(0,0,0,0)\u201d button_text__hover_enabled=\u201don|desktop\u201d]<\/p>\n<p><span style=\"font-size: 14px;\"><a href=\"\/servicios\/direccion-tecnica\/\" title=\"InocuAr Direcci\u00f3n T\u00e9cnica\"><img data-recalc-dims=\"1\" decoding=\"async\" src=\"https:\/\/i0.wp.com\/yjc.cuf.temporary.site\/website_b58d358c\/wp-content\/uploads\/2021\/01\/managment.png?resize=125%2C85&#038;ssl=1\" width=\"125\" height=\"85\" alt=\"\" class=\"wp-image-1182 alignnone size-medium\" loading=\"lazy\"><\/a><\/span><\/p>\n<p style=\"text-align: center;\"><span style=\"font-size: 14px;\">La elaboraci\u00f3n de algunos productos como son, alimentos diet\u00e9ticos, libres de gluten, agua y algunos productos l\u00e1cteos requieren contar con la direcci\u00f3n t\u00e9cnica de un profesional universitario que, por la naturaleza de sus estudios a juicio\u2026 <\/span><\/p>\n<p>[\/et_pb_cta][\/et_pb_column][\/et_pb_row][et_pb_row column_structure=\u201d1_2,1_2\u2033 _builder_version=\u201d4.6.6\u2033 _module_preset=\u201ddefault\u201d width=\u201d82%\u201d min_height=\u201d410.9px\u201d custom_margin=\u201d-25px|auto||auto||\u201d custom_padding=\u201d|1px|0px|||\u201d][et_pb_column type=\u201d1_2\u2033 _builder_version=\u201d4.6.6\u2033 _module_preset=\u201ddefault\u201d][et_pb_cta title=\u201dGesti\u00f3n de calidad\u201d button_url=\u201d\/servicios\/gestion-de-calidad\/\u201d button_text=\u201dAmpliar Info.\u201d _builder_version=\u201d4.6.6\u2033 _module_preset=\u201ddefault\u201d header_font=\u201dRoboto|900|||||||\u201d header_text_color=\u201d#0c71c3\u2033 body_font=\u201dRoboto||||||||\u201d body_text_color=\u201d#6b6b6b\u201d background_color=\u201d#ffffff\u201d custom_button=\u201don\u201d button_text_size=\u201d14px\u201d button_text_color=\u201d#6b6b6b\u201d button_border_width=\u201d2px\u201d button_border_color=\u201d#6b6b6b\u201d button_border_radius=\u201d18px\u201d button_icon=\u201d%%36%%\u201d button_icon_color=\u201d#0c71c3\u2033 border_radii=\u201don|8px|8px|8px|8px\u201d border_width_all=\u201d3px\u201d border_color_all=\u201drgba(0,0,0,0)\u201d button_text__hover_enabled=\u201don|desktop\u201d]<\/p>\n<p><span style=\"font-size: 14px;\"><a href=\"\/servicios\/gestion-de-calidad\/\" title=\"InocuAr Gesti\u00f3n de Calidad\"><img data-recalc-dims=\"1\" decoding=\"async\" src=\"https:\/\/i0.wp.com\/yjc.cuf.temporary.site\/website_b58d358c\/wp-content\/uploads\/2021\/01\/mquality.png?resize=78%2C78&#038;ssl=1\" width=\"78\" height=\"78\" alt=\"\" class=\"wp-image-1214 alignnone size-full\" loading=\"lazy\" srcset=\"https:\/\/i0.wp.com\/yjc.cuf.temporary.site\/website_b58d358c\/wp-content\/uploads\/2021\/01\/mquality.png?w=168&amp;ssl=1 168w, https:\/\/i0.wp.com\/yjc.cuf.temporary.site\/website_b58d358c\/wp-content\/uploads\/2021\/01\/mquality.png?resize=150%2C150&amp;ssl=1 150w\" sizes=\"auto, (max-width: 78px) 100vw, 78px\" \/><\/a><\/span><\/p>\n<p style=\"text-align: center;\"><span style=\"font-size: 14px;\">Brindamos el servicio de implementaci\u00f3n y actualizaci\u00f3n de manuales de procedimientos obligatorios para toda industria donde se elaboren productos alimenticios. Buenas Pr\u00e1cticas de Manufactura\u2026<\/span><\/p>\n<p>[\/et_pb_cta][\/et_pb_column][et_pb_column type=\u201d1_2\u2033 _builder_version=\u201d4.6.6\u2033 _module_preset=\u201ddefault\u201d][et_pb_cta title=\u201dHabilitaciones\u201d button_url=\u201d\/servicios\u201d button_text=\u201dAmpliar Info.\u201d _builder_version=\u201d4.6.6\u2033 _module_preset=\u201ddefault\u201d header_font=\u201dRoboto|900|||||||\u201d header_text_color=\u201d#0c71c3\u2033 body_font=\u201dRoboto||||||||\u201d body_text_color=\u201d#6b6b6b\u201d background_color=\u201d#ffffff\u201d custom_button=\u201don\u201d button_text_size=\u201d14px\u201d button_text_color=\u201d#6b6b6b\u201d button_border_width=\u201d2px\u201d button_border_color=\u201d#6b6b6b\u201d button_border_radius=\u201d18px\u201d button_icon=\u201d%%36%%\u201d button_icon_color=\u201d#0c71c3\u2033 button_custom_margin=\u201d-6px||||false|false\u201d border_radii=\u201don|8px|8px|8px|8px\u201d border_width_all=\u201d3px\u201d border_color_all=\u201drgba(0,0,0,0)\u201d button_text__hover_enabled=\u201don|desktop\u201d]<\/p>\n<p><a href=\"\/servicios\/habilitaciones\" title=\"InocuAr Habilitaciones\"><img data-recalc-dims=\"1\" decoding=\"async\" src=\"https:\/\/i0.wp.com\/yjc.cuf.temporary.site\/website_b58d358c\/wp-content\/uploads\/2021\/01\/habilitation.png?resize=79%2C76&#038;ssl=1\" width=\"79\" height=\"76\" alt=\"\" class=\"wp-image-1219 alignnone size-full\" loading=\"lazy\"><\/a><span style=\"font-size: 14px;\">\u00a0<\/span><\/p>\n<p>Ofrecemos un servicio de gestor\u00eda para el desarrollo y presentaci\u00f3n de la documentaci\u00f3n necesaria para la obtenci\u00f3n de habilitaciones y registros\u2026\u00a0 \u00a0 \u00a0 \u00a0 \u00a0 \u00a0 \u00a0 \u00a0 \u00a0 \u00a0 \u00a0 \u00a0 \u00a0 \u00a0 \u00a0 \u00a0 \u00a0 \u00a0 \u00a0 \u00a0 \u00a0 \u00a0 \u00a0 \u00a0 \u00a0 \u00a0 \u00a0 \u00a0 \u00a0 \u00a0 \u00a0 \u00a0 \u00a0 \u00a0 \u00a0 \u00a0 \u00a0 \u00a0 \u00a0 \u00a0 \u00a0 \u00a0 \u00a0 \u00a0 \u00a0 \u00a0 \u00a0 \u00a0 \u00a0 \u00a0<span style=\"font-size: 14px;\">\u00a0<\/span><\/p>\n<p>[\/et_pb_cta][\/et_pb_column][\/et_pb_row][\/et_pb_section][et_pb_section fb_built=\u201d1\u2033 _builder_version=\u201d4.6.6\u2033 _module_preset=\u201ddefault\u201d custom_margin=\u201d||-33px|||\u201d][et_pb_row _builder_version=\u201d4.6.6\u2033 _module_preset=\u201ddefault\u201d][et_pb_column type=\u201d4_4\u2033 _builder_version=\u201d4.6.6\u2033 _module_preset=\u201ddefault\u201d][et_pb_text _builder_version=\u201d4.6.6\u2033 _module_preset=\u201ddefault\u201d sticky_enabled=\u201d0\u2033 text_text_color=\u201d#0c71c3\u2033 header_font=\u201dRoboto|900|||||||\u201d header_text_color=\u201d#0c71c3\u2033 header_font_size=\u201d44px\u201d hover_enabled=\u201d0\u2033 text_font=\u201dRoboto||||||||\u201d header_text_align=\u201dcenter\u201d]<\/p>\n<h1>Solicitar servicio<\/h1>\n<p>[\/et_pb_text][wpforms_selector form_id=\u201d1546\u2033 _builder_version=\u201d4.6.6\u2033 _module_preset=\u201ddefault\u201d][\/wpforms_selector][\/et_pb_column][\/et_pb_row][\/et_pb_section]<\/p>\n<\/body>","protected":false},"excerpt":{"rendered":"<p>[et_pb_section fb_built=\u201d1\u2033 _builder_version=\u201d4.6.6\u2033 _module_preset=\u201ddefault\u201d background_color=\u201d#0c71c3\u2033 custom_margin=\u201d||-138px||false|false\u201d custom_padding=\u201d0px||0px||true|false\u201d][et_pb_row _builder_version=\u201d4.6.6\u2033 _module_preset=\u201ddefault\u201d custom_margin=\u201d0px|auto|0px|auto|true|false\u201d custom_padding=\u201d||27px|||\u201d][et_pb_column type=\u201d4_4\u2033 _builder_version=\u201d4.6.6\u2033 _module_preset=\u201ddefault\u201d][et_pb_text _builder_version=\u201d4.6.6\u2033 _module_preset=\u201ddefault\u201d text_font=\u201dRoboto|700|||||||\u201d header_font=\u201dRoboto|700|||||||\u201d header_font_size=\u201d43px\u201d min_height=\u201d116.6px\u201d] QU\u00c9 SERVICIOS BRINDAMOS Servicios [\/et_pb_text][\/et_pb_column][\/et_pb_row][\/et_pb_section][et_pb_section fb_built=\u201d1\u2033 prev_background_color=\u201d#0c71c3\u2033 next_background_color=\u201d#ffffff\u201d _builder_version=\u201d4.6.6\u2033 _module_preset=\u201ddefault\u201d background_color=\u201d#EFF2F7\u2033 custom_margin=\u201d138px|||||\u201d custom_padding=\u201d85px||177px|||\u201d top_divider_style=\u201dmountains\u201d bottom_divider_style=\u201dmountains\u201d hover_enabled=\u201d0\u2033 sticky_enabled=\u201d0\u2033][et_pb_row column_structure=\u201d1_2,1_2\u2033 _builder_version=\u201d4.6.6\u2033 _module_preset=\u201ddefault\u201d width=\u201d82%\u201d min_height=\u201d410.9px\u201d custom_margin=\u201d-3px|auto||auto||\u201d custom_padding=\u201d|1px||||\u201d][et_pb_column type=\u201d1_2\u2033 _builder_version=\u201d4.6.6\u2033 _module_preset=\u201ddefault\u201d][et_pb_cta title=\u201dCapacitaciones\u201d button_url=\u201d\/servicios\/capacitaciones\u201d button_text=\u201dAmpliar Info.\u201d _builder_version=\u201d4.6.6\u2033 _module_preset=\u201ddefault\u201d header_font=\u201dRoboto|900|||||||\u201d header_text_color=\u201d#0c71c3\u2033 [&hellip;]<\/p>\n","protected":false},"author":1,"featured_media":0,"parent":0,"menu_order":0,"comment_status":"closed","ping_status":"closed","template":"","meta":{"nf_dc_page":"","_et_pb_use_builder":"on","_et_pb_old_content":"","_et_gb_content_width":"","_joinchat":[],"footnotes":""},"class_list":["post-167","page","type-page","status-publish","hentry"],"yoast_head":"<!-- This site is optimized with the Yoast SEO plugin v27.2 - https:\/\/yoast.com\/product\/yoast-seo-wordpress\/ -->\n<title>Servicios - InocuAr<\/title>\n<meta name=\"robots\" content=\"index, follow, max-snippet:-1, max-image-preview:large, max-video-preview:-1\" \/>\n<link rel=\"canonical\" href=\"https:\/\/yjc.cuf.temporary.site\/website_b58d358c\/servicios\/\" \/>\n<meta property=\"og:locale\" content=\"es_ES\" \/>\n<meta property=\"og:type\" content=\"article\" \/>\n<meta property=\"og:title\" content=\"Servicios - InocuAr\" \/>\n<meta property=\"og:description\" content=\"[et_pb_section fb_built=\u201d1\u2033 _builder_version=\u201d4.6.6\u2033 _module_preset=\u201ddefault\u201d background_color=\u201d#0c71c3\u2033 custom_margin=\u201d||-138px||false|false\u201d custom_padding=\u201d0px||0px||true|false\u201d][et_pb_row _builder_version=\u201d4.6.6\u2033 _module_preset=\u201ddefault\u201d custom_margin=\u201d0px|auto|0px|auto|true|false\u201d custom_padding=\u201d||27px|||\u201d][et_pb_column type=\u201d4_4\u2033 _builder_version=\u201d4.6.6\u2033 _module_preset=\u201ddefault\u201d][et_pb_text _builder_version=\u201d4.6.6\u2033 _module_preset=\u201ddefault\u201d text_font=\u201dRoboto|700|||||||\u201d header_font=\u201dRoboto|700|||||||\u201d header_font_size=\u201d43px\u201d min_height=\u201d116.6px\u201d] QU\u00c9 SERVICIOS BRINDAMOS Servicios [\/et_pb_text][\/et_pb_column][\/et_pb_row][\/et_pb_section][et_pb_section fb_built=\u201d1\u2033 prev_background_color=\u201d#0c71c3\u2033 next_background_color=\u201d#ffffff\u201d _builder_version=\u201d4.6.6\u2033 _module_preset=\u201ddefault\u201d background_color=\u201d#EFF2F7\u2033 custom_margin=\u201d138px|||||\u201d custom_padding=\u201d85px||177px|||\u201d top_divider_style=\u201dmountains\u201d bottom_divider_style=\u201dmountains\u201d hover_enabled=\u201d0\u2033 sticky_enabled=\u201d0\u2033][et_pb_row column_structure=\u201d1_2,1_2\u2033 _builder_version=\u201d4.6.6\u2033 _module_preset=\u201ddefault\u201d width=\u201d82%\u201d min_height=\u201d410.9px\u201d custom_margin=\u201d-3px|auto||auto||\u201d custom_padding=\u201d|1px||||\u201d][et_pb_column type=\u201d1_2\u2033 _builder_version=\u201d4.6.6\u2033 _module_preset=\u201ddefault\u201d][et_pb_cta title=\u201dCapacitaciones\u201d button_url=\u201d\/servicios\/capacitaciones\u201d button_text=\u201dAmpliar Info.\u201d _builder_version=\u201d4.6.6\u2033 _module_preset=\u201ddefault\u201d header_font=\u201dRoboto|900|||||||\u201d header_text_color=\u201d#0c71c3\u2033 [&hellip;]\" \/>\n<meta property=\"og:url\" content=\"https:\/\/yjc.cuf.temporary.site\/website_b58d358c\/servicios\/\" \/>\n<meta property=\"og:site_name\" content=\"InocuAr\" \/>\n<meta property=\"article:publisher\" content=\"https:\/\/www.facebook.com\/InocuAr\/\" \/>\n<meta property=\"article:modified_time\" content=\"2021-01-21T23:00:43+00:00\" \/>\n<meta property=\"og:image\" content=\"https:\/\/yjc.cuf.temporary.site\/website_b58d358c\/wp-content\/uploads\/2021\/01\/Training.png\" \/>\n<meta name=\"twitter:card\" content=\"summary_large_image\" \/>\n<meta name=\"twitter:label1\" content=\"Tiempo de lectura\" \/>\n\t<meta name=\"twitter:data1\" content=\"4 minutos\" \/>\n<script type=\"application\/ld+json\" class=\"yoast-schema-graph\">{\"@context\":\"https:\/\/schema.org\",\"@graph\":[{\"@type\":\"WebPage\",\"@id\":\"https:\/\/yjc.cuf.temporary.site\/website_b58d358c\/servicios\/\",\"url\":\"https:\/\/yjc.cuf.temporary.site\/website_b58d358c\/servicios\/\",\"name\":\"Servicios - InocuAr\",\"isPartOf\":{\"@id\":\"https:\/\/yjc.cuf.temporary.site\/website_b58d358c\/#website\"},\"primaryImageOfPage\":{\"@id\":\"https:\/\/yjc.cuf.temporary.site\/website_b58d358c\/servicios\/#primaryimage\"},\"image\":{\"@id\":\"https:\/\/yjc.cuf.temporary.site\/website_b58d358c\/servicios\/#primaryimage\"},\"thumbnailUrl\":\"https:\/\/yjc.cuf.temporary.site\/website_b58d358c\/wp-content\/uploads\/2021\/01\/Training.png\",\"datePublished\":\"2020-11-06T05:40:45+00:00\",\"dateModified\":\"2021-01-21T23:00:43+00:00\",\"breadcrumb\":{\"@id\":\"https:\/\/yjc.cuf.temporary.site\/website_b58d358c\/servicios\/#breadcrumb\"},\"inLanguage\":\"es-AR\",\"potentialAction\":[{\"@type\":\"ReadAction\",\"target\":[\"https:\/\/yjc.cuf.temporary.site\/website_b58d358c\/servicios\/\"]}]},{\"@type\":\"ImageObject\",\"inLanguage\":\"es-AR\",\"@id\":\"https:\/\/yjc.cuf.temporary.site\/website_b58d358c\/servicios\/#primaryimage\",\"url\":\"https:\/\/i0.wp.com\/yjc.cuf.temporary.site\/website_b58d358c\/wp-content\/uploads\/2021\/01\/Training.png?fit=160%2C160&ssl=1\",\"contentUrl\":\"https:\/\/i0.wp.com\/yjc.cuf.temporary.site\/website_b58d358c\/wp-content\/uploads\/2021\/01\/Training.png?fit=160%2C160&ssl=1\",\"width\":160,\"height\":160},{\"@type\":\"BreadcrumbList\",\"@id\":\"https:\/\/yjc.cuf.temporary.site\/website_b58d358c\/servicios\/#breadcrumb\",\"itemListElement\":[{\"@type\":\"ListItem\",\"position\":1,\"name\":\"Home\",\"item\":\"https:\/\/yjc.cuf.temporary.site\/website_b58d358c\/\"},{\"@type\":\"ListItem\",\"position\":2,\"name\":\"Servicios\"}]},{\"@type\":\"WebSite\",\"@id\":\"https:\/\/yjc.cuf.temporary.site\/website_b58d358c\/#website\",\"url\":\"https:\/\/yjc.cuf.temporary.site\/website_b58d358c\/\",\"name\":\"InocuAr\",\"description\":\"Servicios para la Industria Alimenticia\",\"publisher\":{\"@id\":\"https:\/\/yjc.cuf.temporary.site\/website_b58d358c\/#organization\"},\"potentialAction\":[{\"@type\":\"SearchAction\",\"target\":{\"@type\":\"EntryPoint\",\"urlTemplate\":\"https:\/\/yjc.cuf.temporary.site\/website_b58d358c\/?s={search_term_string}\"},\"query-input\":{\"@type\":\"PropertyValueSpecification\",\"valueRequired\":true,\"valueName\":\"search_term_string\"}}],\"inLanguage\":\"es-AR\"},{\"@type\":\"Organization\",\"@id\":\"https:\/\/yjc.cuf.temporary.site\/website_b58d358c\/#organization\",\"name\":\"InocuAr\",\"url\":\"https:\/\/yjc.cuf.temporary.site\/website_b58d358c\/\",\"logo\":{\"@type\":\"ImageObject\",\"inLanguage\":\"es-AR\",\"@id\":\"https:\/\/yjc.cuf.temporary.site\/website_b58d358c\/#\/schema\/logo\/image\/\",\"url\":\"https:\/\/yjc.cuf.temporary.site\/website_b58d358c\/wp-content\/uploads\/2020\/11\/inocuar_logo-e1605668510190.png\",\"contentUrl\":\"https:\/\/yjc.cuf.temporary.site\/website_b58d358c\/wp-content\/uploads\/2020\/11\/inocuar_logo-e1605668510190.png\",\"width\":90,\"height\":117,\"caption\":\"InocuAr\"},\"image\":{\"@id\":\"https:\/\/yjc.cuf.temporary.site\/website_b58d358c\/#\/schema\/logo\/image\/\"},\"sameAs\":[\"https:\/\/www.facebook.com\/InocuAr\/\",\"https:\/\/www.instagram.com\/inocuarconsultora\/\",\"http:\/\/www.linkedin.com\/in\/inocuar-consultora-116a11203\"]}]}<\/script>\n<!-- \/ Yoast SEO plugin. -->","yoast_head_json":{"title":"Servicios - InocuAr","robots":{"index":"index","follow":"follow","max-snippet":"max-snippet:-1","max-image-preview":"max-image-preview:large","max-video-preview":"max-video-preview:-1"},"canonical":"https:\/\/yjc.cuf.temporary.site\/website_b58d358c\/servicios\/","og_locale":"es_ES","og_type":"article","og_title":"Servicios - InocuAr","og_description":"[et_pb_section fb_built=\u201d1\u2033 _builder_version=\u201d4.6.6\u2033 _module_preset=\u201ddefault\u201d background_color=\u201d#0c71c3\u2033 custom_margin=\u201d||-138px||false|false\u201d custom_padding=\u201d0px||0px||true|false\u201d][et_pb_row _builder_version=\u201d4.6.6\u2033 _module_preset=\u201ddefault\u201d custom_margin=\u201d0px|auto|0px|auto|true|false\u201d custom_padding=\u201d||27px|||\u201d][et_pb_column type=\u201d4_4\u2033 _builder_version=\u201d4.6.6\u2033 _module_preset=\u201ddefault\u201d][et_pb_text _builder_version=\u201d4.6.6\u2033 _module_preset=\u201ddefault\u201d text_font=\u201dRoboto|700|||||||\u201d header_font=\u201dRoboto|700|||||||\u201d header_font_size=\u201d43px\u201d min_height=\u201d116.6px\u201d] QU\u00c9 SERVICIOS BRINDAMOS Servicios [\/et_pb_text][\/et_pb_column][\/et_pb_row][\/et_pb_section][et_pb_section fb_built=\u201d1\u2033 prev_background_color=\u201d#0c71c3\u2033 next_background_color=\u201d#ffffff\u201d _builder_version=\u201d4.6.6\u2033 _module_preset=\u201ddefault\u201d background_color=\u201d#EFF2F7\u2033 custom_margin=\u201d138px|||||\u201d custom_padding=\u201d85px||177px|||\u201d top_divider_style=\u201dmountains\u201d bottom_divider_style=\u201dmountains\u201d hover_enabled=\u201d0\u2033 sticky_enabled=\u201d0\u2033][et_pb_row column_structure=\u201d1_2,1_2\u2033 _builder_version=\u201d4.6.6\u2033 _module_preset=\u201ddefault\u201d width=\u201d82%\u201d min_height=\u201d410.9px\u201d custom_margin=\u201d-3px|auto||auto||\u201d custom_padding=\u201d|1px||||\u201d][et_pb_column type=\u201d1_2\u2033 _builder_version=\u201d4.6.6\u2033 _module_preset=\u201ddefault\u201d][et_pb_cta title=\u201dCapacitaciones\u201d button_url=\u201d\/servicios\/capacitaciones\u201d button_text=\u201dAmpliar Info.\u201d _builder_version=\u201d4.6.6\u2033 _module_preset=\u201ddefault\u201d header_font=\u201dRoboto|900|||||||\u201d header_text_color=\u201d#0c71c3\u2033 [&hellip;]","og_url":"https:\/\/yjc.cuf.temporary.site\/website_b58d358c\/servicios\/","og_site_name":"InocuAr","article_publisher":"https:\/\/www.facebook.com\/InocuAr\/","article_modified_time":"2021-01-21T23:00:43+00:00","og_image":[{"url":"https:\/\/yjc.cuf.temporary.site\/website_b58d358c\/wp-content\/uploads\/2021\/01\/Training.png","type":"","width":"","height":""}],"twitter_card":"summary_large_image","twitter_misc":{"Tiempo de lectura":"4 minutos"},"schema":{"@context":"https:\/\/schema.org","@graph":[{"@type":"WebPage","@id":"https:\/\/yjc.cuf.temporary.site\/website_b58d358c\/servicios\/","url":"https:\/\/yjc.cuf.temporary.site\/website_b58d358c\/servicios\/","name":"Servicios - InocuAr","isPartOf":{"@id":"https:\/\/yjc.cuf.temporary.site\/website_b58d358c\/#website"},"primaryImageOfPage":{"@id":"https:\/\/yjc.cuf.temporary.site\/website_b58d358c\/servicios\/#primaryimage"},"image":{"@id":"https:\/\/yjc.cuf.temporary.site\/website_b58d358c\/servicios\/#primaryimage"},"thumbnailUrl":"https:\/\/yjc.cuf.temporary.site\/website_b58d358c\/wp-content\/uploads\/2021\/01\/Training.png","datePublished":"2020-11-06T05:40:45+00:00","dateModified":"2021-01-21T23:00:43+00:00","breadcrumb":{"@id":"https:\/\/yjc.cuf.temporary.site\/website_b58d358c\/servicios\/#breadcrumb"},"inLanguage":"es-AR","potentialAction":[{"@type":"ReadAction","target":["https:\/\/yjc.cuf.temporary.site\/website_b58d358c\/servicios\/"]}]},{"@type":"ImageObject","inLanguage":"es-AR","@id":"https:\/\/yjc.cuf.temporary.site\/website_b58d358c\/servicios\/#primaryimage","url":"https:\/\/i0.wp.com\/yjc.cuf.temporary.site\/website_b58d358c\/wp-content\/uploads\/2021\/01\/Training.png?fit=160%2C160&ssl=1","contentUrl":"https:\/\/i0.wp.com\/yjc.cuf.temporary.site\/website_b58d358c\/wp-content\/uploads\/2021\/01\/Training.png?fit=160%2C160&ssl=1","width":160,"height":160},{"@type":"BreadcrumbList","@id":"https:\/\/yjc.cuf.temporary.site\/website_b58d358c\/servicios\/#breadcrumb","itemListElement":[{"@type":"ListItem","position":1,"name":"Home","item":"https:\/\/yjc.cuf.temporary.site\/website_b58d358c\/"},{"@type":"ListItem","position":2,"name":"Servicios"}]},{"@type":"WebSite","@id":"https:\/\/yjc.cuf.temporary.site\/website_b58d358c\/#website","url":"https:\/\/yjc.cuf.temporary.site\/website_b58d358c\/","name":"InocuAr","description":"Servicios para la Industria Alimenticia","publisher":{"@id":"https:\/\/yjc.cuf.temporary.site\/website_b58d358c\/#organization"},"potentialAction":[{"@type":"SearchAction","target":{"@type":"EntryPoint","urlTemplate":"https:\/\/yjc.cuf.temporary.site\/website_b58d358c\/?s={search_term_string}"},"query-input":{"@type":"PropertyValueSpecification","valueRequired":true,"valueName":"search_term_string"}}],"inLanguage":"es-AR"},{"@type":"Organization","@id":"https:\/\/yjc.cuf.temporary.site\/website_b58d358c\/#organization","name":"InocuAr","url":"https:\/\/yjc.cuf.temporary.site\/website_b58d358c\/","logo":{"@type":"ImageObject","inLanguage":"es-AR","@id":"https:\/\/yjc.cuf.temporary.site\/website_b58d358c\/#\/schema\/logo\/image\/","url":"https:\/\/yjc.cuf.temporary.site\/website_b58d358c\/wp-content\/uploads\/2020\/11\/inocuar_logo-e1605668510190.png","contentUrl":"https:\/\/yjc.cuf.temporary.site\/website_b58d358c\/wp-content\/uploads\/2020\/11\/inocuar_logo-e1605668510190.png","width":90,"height":117,"caption":"InocuAr"},"image":{"@id":"https:\/\/yjc.cuf.temporary.site\/website_b58d358c\/#\/schema\/logo\/image\/"},"sameAs":["https:\/\/www.facebook.com\/InocuAr\/","https:\/\/www.instagram.com\/inocuarconsultora\/","http:\/\/www.linkedin.com\/in\/inocuar-consultora-116a11203"]}]}},"jetpack_sharing_enabled":true,"_links":{"self":[{"href":"https:\/\/yjc.cuf.temporary.site\/website_b58d358c\/wp-json\/wp\/v2\/pages\/167","targetHints":{"allow":["GET"]}}],"collection":[{"href":"https:\/\/yjc.cuf.temporary.site\/website_b58d358c\/wp-json\/wp\/v2\/pages"}],"about":[{"href":"https:\/\/yjc.cuf.temporary.site\/website_b58d358c\/wp-json\/wp\/v2\/types\/page"}],"author":[{"embeddable":true,"href":"https:\/\/yjc.cuf.temporary.site\/website_b58d358c\/wp-json\/wp\/v2\/users\/1"}],"replies":[{"embeddable":true,"href":"https:\/\/yjc.cuf.temporary.site\/website_b58d358c\/wp-json\/wp\/v2\/comments?post=167"}],"version-history":[{"count":53,"href":"https:\/\/yjc.cuf.temporary.site\/website_b58d358c\/wp-json\/wp\/v2\/pages\/167\/revisions"}],"predecessor-version":[{"id":1731,"href":"https:\/\/yjc.cuf.temporary.site\/website_b58d358c\/wp-json\/wp\/v2\/pages\/167\/revisions\/1731"}],"wp:attachment":[{"href":"https:\/\/yjc.cuf.temporary.site\/website_b58d358c\/wp-json\/wp\/v2\/media?parent=167"}],"curies":[{"name":"wp","href":"https:\/\/api.w.org\/{rel}","templated":true}]}}